{"id":991,"date":"2021-12-11T14:33:53","date_gmt":"2021-12-11T13:33:53","guid":{"rendered":"https:\/\/www.antibo.it\/?page_id=991"},"modified":"2025-02-24T15:20:12","modified_gmt":"2025-02-24T14:20:12","slug":"piani-di-manutenzione-ed-estensioni-di-garanzia","status":"publish","type":"page","link":"https:\/\/www.antibo.it\/?page_id=991","title":{"rendered":"Piani di manutenzione ed estensioni di garanzia"},"content":{"rendered":"<p>[vc_row gap=&#8221;35&#8243;][vc_column][vc_column_text]<\/p>\n<h2><strong>Liberati dalle convenzioni.<\/strong><\/h2>\n<p>Con i nostri piani di manutenzione estesa ci prendiamo cura dei tuoi prodotti senza sorprese economiche quando hai necessit\u00e0 di un intervento tecnico in assistenza.<\/p>\n<p>Per la tua serenit\u00e0 stipula il certificato di garanzia estesa su tutti i tuoi prodotti, riceverai assistenza gratuita per tutto l\u2019anno, pagando solo i ricambi necessari per il ripristino dei tuoi prodotti.<\/p>\n<p>Avrai:<\/p>\n<ul>\n<li>numero di interventi illimitato<\/li>\n<li>tutti i tuoi prodotti sono inclusi<\/li>\n<li>paghi solo i ricambi eventualmente necessari<\/li>\n<\/ul>\n<p>I nostri piani non prevendono il pagamento dell&#8217;uscita del tecnico o della manodopera, ma solo dei ricambi necessari al ripristino del funzionamento del tuo prodotto.<\/p>\n<p><strong>Zero sorprese per te!<\/strong>[\/vc_column_text][vc_single_image image=&#8221;1152&#8243; img_size=&#8221;full&#8221; alignment=&#8221;center&#8221;][\/vc_column][\/vc_row][vc_row equal_height=&#8221;yes&#8221; content_placement=&#8221;top&#8221; bg_type=&#8221;bg_color&#8221; css=&#8221;.vc_custom_1740303285701{padding-top: 10px !important;padding-right: 10px !important;padding-bottom: 10px !important;padding-left: 10px !important;background-color: #afb8bf !important;}&#8221; bg_color_value=&#8221;#f9f9f9&#8243;][vc_column width=&#8221;1\/2&#8243;][vc_column_text]<\/p>\n<h2><strong>Il contratto di manutenzione estesa di tipo A<\/strong><\/h2>\n<p>Prevende l&#8217;uscita del tecnico e la manodopera gratuita per un intero anno per la riparazione dei seguenti prodotti:<\/p>\n<ul>\n<li>lavabiancheria<\/li>\n<li>lavastoviglie<\/li>\n<li>forno<\/li>\n<li>piano cottura<\/li>\n<li>frigorifero<\/li>\n<li>congelatore<\/li>\n<li>climatizzatore<\/li>\n<\/ul>\n<p>Pagherai soltanto i ricambi necessari alla riparazione del prodotto.<\/p>\n<h2><strong>Costo contratto \u20ac89\/anno<\/strong><\/h2>\n<p>[\/vc_column_text][\/vc_column][vc_column width=&#8221;1\/2&#8243;][vc_column_text]<\/p>\n<h2><strong>Il contratto di manutenzione estesa di tipo B<\/strong><\/h2>\n<p>Prevende la manutenzione annuale della caldaia con il rilascio dei documenti necessari all&#8217;ottemperanza degli obblighi di legge. Durante l&#8217;anno l&#8217;uscita del tecnico e la manodopera in caso di guasti \u00e8 gratuita.<\/p>\n<p>&nbsp;<\/p>\n<p><strong>Inoltre, vengono omaggiati tutti i servizi del contratto A!<\/strong><\/p>\n<p>&nbsp;<\/p>\n<p>&nbsp;<\/p>\n<h2><\/h2>\n<h2><\/h2>\n<h2><\/h2>\n<h2><strong>Costo contratto \u20ac159\/anno<\/strong><\/h2>\n<p>[\/vc_column_text][\/vc_column][\/vc_row][vc_row gap=&#8221;3&#8243;][vc_column][vc_column_text]<\/p>\n<header class=\"vc_cta3-content-header\">\n<h2><\/h2>\n<h2>Interventi tecnici senza sorprese!<\/h2>\n<\/header>\n<p><strong>Azzera le sorprese per i costi degli interventi tecnici<\/strong>, i nostri contratti di manutenzione estesa ti danno la serenit\u00e0 di cui hai bisogno quando uno dei tuoi prodotti si guasta.<\/p>\n<p><strong>Hai un guasto. <\/strong><\/p>\n<p><strong>Viene il tecnico. <\/strong><\/p>\n<p><strong>Non paghi nulla. <\/strong><\/p>\n<p><strong>Ti fa un preventivo se servono ricambi altrimenti rimette in funzione il prodotto.<\/strong>[\/vc_column_text][vc_btn title=&#8221;Contattaci!&#8221; color=&#8221;danger&#8221; size=&#8221;lg&#8221; link=&#8221;url:https%3A%2F%2Fwww.antibo.it%2F%3Fpage_id%3D178|title:Contatti&#8221;][vc_empty_space][vc_cta h2=&#8221;Contratti mensili per elettrodomestici&#8221; h4=&#8221;Non ti senti sicuro di sottoscrivere un nostro contratto annuale? Per gli elettrodomestici abbiamo anche soluzioni mensili, con la possibilit\u00e0 di disdire quando vuoi!&#8221; add_button=&#8221;bottom&#8221; btn_title=&#8221;Scopri i contratti mensili per elettrodomestici!&#8221; btn_color=&#8221;danger&#8221; btn_link=&#8221;url:https%3A%2F%2Fwww.antibo.it%2F%3Fpage_id%3D1114|title:pagina%20contratti%20mensili%20elettrodomestici&#8221;][\/vc_cta][\/vc_column][\/vc_row][vc_row gap=&#8221;35&#8243; bg_type=&#8221;bg_color&#8221; bg_color_value=&#8221;#f9f9f9&#8243;][vc_column][vc_column_text]<\/p>\n<h2><strong>Condizioni del servizio offerto<\/strong><\/h2>\n<p><strong>Certificato di manutenzione A &#8211; \u20ac89<\/strong><\/p>\n<p>Viene garantita per 1 anno l\u2019uscita del tecnico e la manodopera per gli interventi di assistenza tecnica su tutti gli elettrodomestici fuori garanzia in possesso del cliente del tipo lavabiancheria, lavastoviglie, lavasciuga, forno, piano cottura, frigorifero inoltre si aggiungono i climatizzatori. Sono esclusi dall\u2019accordo tutti i ricambi necessari al completamento degli interventi, il trasporto in laboratorio e la riconsegna se necessari alla riparazione del prodotto, il noleggio di mezzi elevatori, il gas necessario alle ricariche dei circuiti frigoriferi, le installazioni e disinstallazioni e quant\u2019altro necessario per poter intervenire in maniera sicura e agevole sui prodotti.<\/p>\n<p><strong>Certificato di manutenzione B &#8211; \u20ac159<\/strong><\/p>\n<p>Con l\u2019accordo di manutenzione annuale della caldaia viene garantito il diritto di chiamata e manodopera per tutti gli interventi durante l\u2019anno in caso di assistenza tecnica ad esclusione dei ricambi e dei servizi di installazione, disinstallazione e noleggio mezzi elevatori. Vengono inclusi inoltre gratuitamente tutti i servizi del certificato di tipo A con le stesse condizioni. Il certificato ha una durata di 12 mesi a partire dalla data indicata di inizio validit\u00e0.<\/p>\n<p>Per i certificati acquistati online senza la visita del tecnico la data di inizio validit\u00e0 \u00e8 spostata di 30 giorni in avanti rispetto alla data di acquisto.<\/p>\n<h2><strong>Privacy<\/strong><br \/>\nInformativa sulla Privacy ai sensi GDPR (Regolamento UE 201 6\/679)<\/h2>\n<p>I dati possono essere oggetto di trattamento da parte di Antibo srl per le seguenti finalit\u00e0:<\/p>\n<p>a) per lo svolgimento di servizi di cui il Soggetto interessato vuole avvalersi, per finalit\u00e0 contrattuali, amministrative, contabili, fiscali, gestionali e legali per la vendita di prodotti e servizi ivi connesse attivit\u00e0 preliminari per esecuzione degli stessi e successive (art. 6 comma 1 lettera .b e .c del regolamento UE 2016\/679);<\/p>\n<p>b) per finalit\u00e0 promo-pubblicitarie tra cui offerte e novit\u00e0 su prodotti e servizi trattati da Antibo srl, attivit\u00e0 di marketing nonch\u00e9 indagini sulla soddisfazione del Soggetto Interessato per servizi e prodotti ricevuti. In tal senso di Dati acquisiti saranno: dati fiscali, di contatto, del luogo in cui si eseguono i servizi, dati tecnici dei prodotti oggetto dei servizi. In caso di acquisto o prodotti da Antibo srl il conferimento dei dati del Soggetto Interessato \u00e8 necessario per l\u2019espletamento di quanto richiesto e il rifiuto, anche parziale, del conferimento dei dati pu\u00f2 determinare l\u2019impossibilit\u00e0 da parte di Antibo srl di fornire quanto richiesto dal Soggetto Interessato.<\/p>\n<p>Il trattamento dei dati avverr\u00e0 tramite l\u2019ausilio di strumenti elettronici, informatici, telematici con logiche correlate alle finalit\u00e0 espresse e in modo da garantire la sicurezza e la riservatezza dei dati. Si specifica che i dati saranno forniti ad aziende esterne esclusivamente nel caso in cui Antibo srl, per la fornitura dei servizi o prodotti richiesti o offerti al Soggetto Interessato, operi per nome e per conto di tali aziende. Il Soggetto Interessato ha diritto di ottenere conferma dell\u2019esistenza o meno dei dati che lo riguardano, riceverne una copia, chiederne l\u2019aggiornamento o la cancellazione in questo caso con conseguente sospensione dei servizi attivi e l\u2019opposizione alle attivit\u00e0 di marketing diretto. I dati sono conservati per 5 anni dal termine dell\u2019erogazione dei servizi acquistati o richiesti.[\/vc_column_text][\/vc_column][\/vc_row][vc_row][vc_column]<div class=\" ubtn-ctn-left \"><button type=\"button\" id=\"ubtn-7477\"  class=\"ubtn ult-adjust-bottom-margin ult-responsive ubtn-normal ubtn-no-hover-bg  none  ubtn-left   tooltip-69e89dc848aef\"  data-hover=\"\" data-border-color=\"\" data-bg=\"#e0e0e0\" data-hover-bg=\"\" data-border-hover=\"\" data-shadow-hover=\"\" data-shadow-click=\"none\" data-shadow=\"\" data-shd-shadow=\"\"  data-ultimate-target='#ubtn-7477'  data-responsive-json-new='{\"font-size\":\"\",\"line-height\":\"\"}'  style=\"font-weight:normal;border:none;background: #e0e0e0;color: #000000;\"><span class=\"ubtn-hover\" style=\"background-color:\"><\/span><span class=\"ubtn-data ubtn-text \" ><\/span><\/button><\/div>[\/vc_column][\/vc_row]<\/p>\n","protected":false},"excerpt":{"rendered":"<p>[vc_row gap=&#8221;35&#8243;][vc_column][vc_column_text] Liberati dalle convenzioni. Con i nostri piani di manutenzione estesa ci prendiamo cura dei tuoi prodotti senza sorprese economiche quando hai necessit\u00e0 di un intervento tecnico in assistenza. Per la tua serenit\u00e0 stipula il certificato di garanzia estesa su tutti i tuoi prodotti, riceverai assistenza gratuita per tutto l\u2019anno, pagando solo i ricambi [&hellip;]<\/p>\n","protected":false},"author":1,"featured_media":0,"parent":0,"menu_order":0,"comment_status":"closed","ping_status":"closed","template":"","meta":[],"_links":{"self":[{"href":"https:\/\/www.antibo.it\/index.php?rest_route=\/wp\/v2\/pages\/991"}],"collection":[{"href":"https:\/\/www.antibo.it\/index.php?rest_route=\/wp\/v2\/pages"}],"about":[{"href":"https:\/\/www.antibo.it\/index.php?rest_route=\/wp\/v2\/types\/page"}],"author":[{"embeddable":true,"href":"https:\/\/www.antibo.it\/index.php?rest_route=\/wp\/v2\/users\/1"}],"replies":[{"embeddable":true,"href":"https:\/\/www.antibo.it\/index.php?rest_route=%2Fwp%2Fv2%2Fcomments&post=991"}],"version-history":[{"count":17,"href":"https:\/\/www.antibo.it\/index.php?rest_route=\/wp\/v2\/pages\/991\/revisions"}],"predecessor-version":[{"id":1154,"href":"https:\/\/www.antibo.it\/index.php?rest_route=\/wp\/v2\/pages\/991\/revisions\/1154"}],"wp:attachment":[{"href":"https:\/\/www.antibo.it\/index.php?rest_route=%2Fwp%2Fv2%2Fmedia&parent=991"}],"curies":[{"name":"wp","href":"https:\/\/api.w.org\/{rel}","templated":true}]}}